{"id":5940,"date":"2020-07-06T13:41:27","date_gmt":"2020-07-06T11:41:27","guid":{"rendered":"https:\/\/www.limbourg-tourisme.com\/syndicat-dinitiative\/"},"modified":"2021-05-03T11:54:00","modified_gmt":"2021-05-03T09:54:00","slug":"syndicat-dinitiative","status":"publish","type":"page","link":"https:\/\/www.limbourg-tourisme.com\/en\/contact\/syndicat-dinitiative\/","title":{"rendered":"Syndicat d&#8217;initiative"},"content":{"rendered":"<h2><strong>Le RSIL asbl<\/strong><\/h2>\n<p>Le syndicat d\u2019initiative et de tourisme de la Ville de Limbourg et environs est une ASBL priv\u00e9e fond\u00e9e en 1938 &#8211; la m\u00eame ann\u00e9e que la f\u00e9d\u00e9ration du tourisme de la province de Li\u00e8ge &#8211; afin de faire conna\u00eetre la ville et les villages voisins, de d\u00e9velopper le tourisme, valoriser le patrimoine et assurer un bon accueil des touristes.<\/p>\n","protected":false},"excerpt":{"rendered":"<p>Le RSIL asbl Le syndicat d\u2019initiative et de tourisme de la Ville de Limbourg et environs est une ASBL priv\u00e9e fond\u00e9e en 1938 &#8211; la m\u00eame ann\u00e9e que la f\u00e9d\u00e9ration du tourisme de la province de Li\u00e8ge &#8211; afin de faire conna\u00eetre la ville et les villages voisins, de d\u00e9velopper le tourisme, valoriser le patrimoine [&hellip;]<\/p>\n","protected":false},"author":1,"featured_media":5942,"parent":6185,"menu_order":113,"comment_status":"closed","ping_status":"closed","template":"template-syndicat.php","meta":{"_acf_changed":false,"footnotes":""},"class_list":["post-5940","page","type-page","status-publish","has-post-thumbnail","hentry"],"acf":[],"yoast_head":"<!-- This site is optimized with the Yoast SEO plugin v27.4 - https:\/\/yoast.com\/product\/yoast-seo-wordpress\/ -->\n<title>Syndicat d&#039;initiative - Limbourg<\/title>\n<meta name=\"robots\" content=\"index, follow, max-snippet:-1, max-image-preview:large, max-video-preview:-1\" \/>\n<link rel=\"canonical\" href=\"https:\/\/www.limbourg-tourisme.com\/en\/contact\/syndicat-dinitiative\/\" \/>\n<meta property=\"og:locale\" content=\"en_US\" \/>\n<meta property=\"og:type\" content=\"article\" \/>\n<meta property=\"og:title\" content=\"Syndicat d&#039;initiative - Limbourg\" \/>\n<meta property=\"og:description\" content=\"Le RSIL asbl Le syndicat d\u2019initiative et de tourisme de la Ville de Limbourg et environs est une ASBL priv\u00e9e fond\u00e9e en 1938 &#8211; la m\u00eame ann\u00e9e que la f\u00e9d\u00e9ration du tourisme de la province de Li\u00e8ge &#8211; afin de faire conna\u00eetre la ville et les villages voisins, de d\u00e9velopper le tourisme, valoriser le patrimoine [&hellip;]\" \/>\n<meta property=\"og:url\" content=\"https:\/\/www.limbourg-tourisme.com\/en\/contact\/syndicat-dinitiative\/\" \/>\n<meta property=\"og:site_name\" content=\"Limbourg\" \/>\n<meta property=\"article:modified_time\" content=\"2021-05-03T09:54:00+00:00\" \/>\n<meta property=\"og:image\" content=\"https:\/\/www.limbourg-tourisme.com\/wp-content\/uploads\/2020\/10\/DSC_8411-scaled.jpg\" \/>\n\t<meta property=\"og:image:width\" content=\"2560\" \/>\n\t<meta property=\"og:image:height\" content=\"1707\" \/>\n\t<meta property=\"og:image:type\" content=\"image\/jpeg\" \/>\n<meta name=\"twitter:card\" content=\"summary_large_image\" \/>\n<script type=\"application\/ld+json\" class=\"yoast-schema-graph\">{\"@context\":\"https:\\\/\\\/schema.org\",\"@graph\":[{\"@type\":\"WebPage\",\"@id\":\"https:\\\/\\\/www.limbourg-tourisme.com\\\/en\\\/contact\\\/syndicat-dinitiative\\\/\",\"url\":\"https:\\\/\\\/www.limbourg-tourisme.com\\\/en\\\/contact\\\/syndicat-dinitiative\\\/\",\"name\":\"Syndicat d'initiative - Limbourg\",\"isPartOf\":{\"@id\":\"https:\\\/\\\/www.limbourg-tourisme.com\\\/en\\\/#website\"},\"primaryImageOfPage\":{\"@id\":\"https:\\\/\\\/www.limbourg-tourisme.com\\\/en\\\/contact\\\/syndicat-dinitiative\\\/#primaryimage\"},\"image\":{\"@id\":\"https:\\\/\\\/www.limbourg-tourisme.com\\\/en\\\/contact\\\/syndicat-dinitiative\\\/#primaryimage\"},\"thumbnailUrl\":\"https:\\\/\\\/www.limbourg-tourisme.com\\\/wp-content\\\/uploads\\\/2020\\\/10\\\/DSC_8411-scaled.jpg\",\"datePublished\":\"2020-07-06T11:41:27+00:00\",\"dateModified\":\"2021-05-03T09:54:00+00:00\",\"breadcrumb\":{\"@id\":\"https:\\\/\\\/www.limbourg-tourisme.com\\\/en\\\/contact\\\/syndicat-dinitiative\\\/#breadcrumb\"},\"inLanguage\":\"en-US\",\"potentialAction\":[{\"@type\":\"ReadAction\",\"target\":[\"https:\\\/\\\/www.limbourg-tourisme.com\\\/en\\\/contact\\\/syndicat-dinitiative\\\/\"]}]},{\"@type\":\"ImageObject\",\"inLanguage\":\"en-US\",\"@id\":\"https:\\\/\\\/www.limbourg-tourisme.com\\\/en\\\/contact\\\/syndicat-dinitiative\\\/#primaryimage\",\"url\":\"https:\\\/\\\/www.limbourg-tourisme.com\\\/wp-content\\\/uploads\\\/2020\\\/10\\\/DSC_8411-scaled.jpg\",\"contentUrl\":\"https:\\\/\\\/www.limbourg-tourisme.com\\\/wp-content\\\/uploads\\\/2020\\\/10\\\/DSC_8411-scaled.jpg\",\"width\":2560,\"height\":1707},{\"@type\":\"BreadcrumbList\",\"@id\":\"https:\\\/\\\/www.limbourg-tourisme.com\\\/en\\\/contact\\\/syndicat-dinitiative\\\/#breadcrumb\",\"itemListElement\":[{\"@type\":\"ListItem\",\"position\":1,\"name\":\"Accueil\",\"item\":\"https:\\\/\\\/www.limbourg-tourisme.com\\\/en\\\/\"},{\"@type\":\"ListItem\",\"position\":2,\"name\":\"Contact\",\"item\":\"https:\\\/\\\/www.limbourg-tourisme.com\\\/en\\\/contact\\\/\"},{\"@type\":\"ListItem\",\"position\":3,\"name\":\"Syndicat d&#8217;initiative\"}]},{\"@type\":\"WebSite\",\"@id\":\"https:\\\/\\\/www.limbourg-tourisme.com\\\/en\\\/#website\",\"url\":\"https:\\\/\\\/www.limbourg-tourisme.com\\\/en\\\/\",\"name\":\"Limbourg\",\"description\":\"Outstanding heritage, pristine nature\",\"potentialAction\":[{\"@type\":\"SearchAction\",\"target\":{\"@type\":\"EntryPoint\",\"urlTemplate\":\"https:\\\/\\\/www.limbourg-tourisme.com\\\/en\\\/?s={search_term_string}\"},\"query-input\":{\"@type\":\"PropertyValueSpecification\",\"valueRequired\":true,\"valueName\":\"search_term_string\"}}],\"inLanguage\":\"en-US\"}]}<\/script>\n<!-- \/ Yoast SEO plugin. -->","yoast_head_json":{"title":"Syndicat d'initiative - Limbourg","robots":{"index":"index","follow":"follow","max-snippet":"max-snippet:-1","max-image-preview":"max-image-preview:large","max-video-preview":"max-video-preview:-1"},"canonical":"https:\/\/www.limbourg-tourisme.com\/en\/contact\/syndicat-dinitiative\/","og_locale":"en_US","og_type":"article","og_title":"Syndicat d'initiative - Limbourg","og_description":"Le RSIL asbl Le syndicat d\u2019initiative et de tourisme de la Ville de Limbourg et environs est une ASBL priv\u00e9e fond\u00e9e en 1938 &#8211; la m\u00eame ann\u00e9e que la f\u00e9d\u00e9ration du tourisme de la province de Li\u00e8ge &#8211; afin de faire conna\u00eetre la ville et les villages voisins, de d\u00e9velopper le tourisme, valoriser le patrimoine [&hellip;]","og_url":"https:\/\/www.limbourg-tourisme.com\/en\/contact\/syndicat-dinitiative\/","og_site_name":"Limbourg","article_modified_time":"2021-05-03T09:54:00+00:00","og_image":[{"width":2560,"height":1707,"url":"https:\/\/www.limbourg-tourisme.com\/wp-content\/uploads\/2020\/10\/DSC_8411-scaled.jpg","type":"image\/jpeg"}],"twitter_card":"summary_large_image","schema":{"@context":"https:\/\/schema.org","@graph":[{"@type":"WebPage","@id":"https:\/\/www.limbourg-tourisme.com\/en\/contact\/syndicat-dinitiative\/","url":"https:\/\/www.limbourg-tourisme.com\/en\/contact\/syndicat-dinitiative\/","name":"Syndicat d'initiative - Limbourg","isPartOf":{"@id":"https:\/\/www.limbourg-tourisme.com\/en\/#website"},"primaryImageOfPage":{"@id":"https:\/\/www.limbourg-tourisme.com\/en\/contact\/syndicat-dinitiative\/#primaryimage"},"image":{"@id":"https:\/\/www.limbourg-tourisme.com\/en\/contact\/syndicat-dinitiative\/#primaryimage"},"thumbnailUrl":"https:\/\/www.limbourg-tourisme.com\/wp-content\/uploads\/2020\/10\/DSC_8411-scaled.jpg","datePublished":"2020-07-06T11:41:27+00:00","dateModified":"2021-05-03T09:54:00+00:00","breadcrumb":{"@id":"https:\/\/www.limbourg-tourisme.com\/en\/contact\/syndicat-dinitiative\/#breadcrumb"},"inLanguage":"en-US","potentialAction":[{"@type":"ReadAction","target":["https:\/\/www.limbourg-tourisme.com\/en\/contact\/syndicat-dinitiative\/"]}]},{"@type":"ImageObject","inLanguage":"en-US","@id":"https:\/\/www.limbourg-tourisme.com\/en\/contact\/syndicat-dinitiative\/#primaryimage","url":"https:\/\/www.limbourg-tourisme.com\/wp-content\/uploads\/2020\/10\/DSC_8411-scaled.jpg","contentUrl":"https:\/\/www.limbourg-tourisme.com\/wp-content\/uploads\/2020\/10\/DSC_8411-scaled.jpg","width":2560,"height":1707},{"@type":"BreadcrumbList","@id":"https:\/\/www.limbourg-tourisme.com\/en\/contact\/syndicat-dinitiative\/#breadcrumb","itemListElement":[{"@type":"ListItem","position":1,"name":"Accueil","item":"https:\/\/www.limbourg-tourisme.com\/en\/"},{"@type":"ListItem","position":2,"name":"Contact","item":"https:\/\/www.limbourg-tourisme.com\/en\/contact\/"},{"@type":"ListItem","position":3,"name":"Syndicat d&#8217;initiative"}]},{"@type":"WebSite","@id":"https:\/\/www.limbourg-tourisme.com\/en\/#website","url":"https:\/\/www.limbourg-tourisme.com\/en\/","name":"Limbourg","description":"Outstanding heritage, pristine nature","potentialAction":[{"@type":"SearchAction","target":{"@type":"EntryPoint","urlTemplate":"https:\/\/www.limbourg-tourisme.com\/en\/?s={search_term_string}"},"query-input":{"@type":"PropertyValueSpecification","valueRequired":true,"valueName":"search_term_string"}}],"inLanguage":"en-US"}]}},"_links":{"self":[{"href":"https:\/\/www.limbourg-tourisme.com\/en\/wp-json\/wp\/v2\/pages\/5940","targetHints":{"allow":["GET"]}}],"collection":[{"href":"https:\/\/www.limbourg-tourisme.com\/en\/wp-json\/wp\/v2\/pages"}],"about":[{"href":"https:\/\/www.limbourg-tourisme.com\/en\/wp-json\/wp\/v2\/types\/page"}],"author":[{"embeddable":true,"href":"https:\/\/www.limbourg-tourisme.com\/en\/wp-json\/wp\/v2\/users\/1"}],"replies":[{"embeddable":true,"href":"https:\/\/www.limbourg-tourisme.com\/en\/wp-json\/wp\/v2\/comments?post=5940"}],"version-history":[{"count":1,"href":"https:\/\/www.limbourg-tourisme.com\/en\/wp-json\/wp\/v2\/pages\/5940\/revisions"}],"predecessor-version":[{"id":5946,"href":"https:\/\/www.limbourg-tourisme.com\/en\/wp-json\/wp\/v2\/pages\/5940\/revisions\/5946"}],"up":[{"embeddable":true,"href":"https:\/\/www.limbourg-tourisme.com\/en\/wp-json\/wp\/v2\/pages\/6185"}],"wp:featuredmedia":[{"embeddable":true,"href":"https:\/\/www.limbourg-tourisme.com\/en\/wp-json\/wp\/v2\/media\/5942"}],"wp:attachment":[{"href":"https:\/\/www.limbourg-tourisme.com\/en\/wp-json\/wp\/v2\/media?parent=5940"}],"curies":[{"name":"wp","href":"https:\/\/api.w.org\/{rel}","templated":true}]}}