{"id":5943,"date":"2020-07-06T13:41:27","date_gmt":"2020-07-06T11:41:27","guid":{"rendered":"https:\/\/www.limbourg-tourisme.com\/syndicat-dinitiative\/"},"modified":"2021-06-26T16:01:13","modified_gmt":"2021-06-26T14:01:13","slug":"syndicat-dinitiative","status":"publish","type":"page","link":"https:\/\/www.limbourg-tourisme.com\/de\/contact\/syndicat-dinitiative\/","title":{"rendered":"Touristisches Informationsb\u00fcro"},"content":{"rendered":"<h2><strong>RSIL asbl<\/strong><\/h2>\n<p>Das Fremdenverkehrsamt der Stadt Limburg und Umgebung ist ein privater ASBL (gemeinn\u00fctziger Verein), der 1938 \u2013 im selben Jahr wie der Fremdenverkehrsverband der Provinz L\u00fcttich \u2013 gegr\u00fcndet wurde. Sein Ziel ist es, die Stadt und zugeh\u00f6rigen D\u00f6rfer bekannt zu machen, den Tourismus zu entwickeln, das Kulturerbe hervorzuheben und f\u00fcr einen guten Empfang der Touristen zu sorgen.<\/p>\n","protected":false},"excerpt":{"rendered":"<p>RSIL asbl Das Fremdenverkehrsamt der Stadt Limburg und Umgebung ist ein privater ASBL (gemeinn\u00fctziger Verein), der 1938 \u2013 im selben Jahr wie der Fremdenverkehrsverband der Provinz L\u00fcttich \u2013 gegr\u00fcndet wurde. Sein Ziel ist es, die Stadt und zugeh\u00f6rigen D\u00f6rfer bekannt zu machen, den Tourismus zu entwickeln, das Kulturerbe hervorzuheben und f\u00fcr einen guten Empfang der [&hellip;]<\/p>\n","protected":false},"author":1,"featured_media":4393,"parent":6186,"menu_order":112,"comment_status":"closed","ping_status":"closed","template":"template-syndicat.php","meta":{"_acf_changed":false,"footnotes":""},"class_list":["post-5943","page","type-page","status-publish","has-post-thumbnail","hentry"],"acf":[],"yoast_head":"<!-- This site is optimized with the Yoast SEO plugin v27.4 - https:\/\/yoast.com\/product\/yoast-seo-wordpress\/ -->\n<title>Touristisches Informationsb\u00fcro - Limburg<\/title>\n<meta name=\"robots\" content=\"index, follow, max-snippet:-1, max-image-preview:large, max-video-preview:-1\" \/>\n<link rel=\"canonical\" href=\"https:\/\/www.limbourg-tourisme.com\/de\/contact\/syndicat-dinitiative\/\" \/>\n<meta property=\"og:locale\" content=\"de_DE\" \/>\n<meta property=\"og:type\" content=\"article\" \/>\n<meta property=\"og:title\" content=\"Touristisches Informationsb\u00fcro - Limburg\" \/>\n<meta property=\"og:description\" content=\"RSIL asbl Das Fremdenverkehrsamt der Stadt Limburg und Umgebung ist ein privater ASBL (gemeinn\u00fctziger Verein), der 1938 \u2013 im selben Jahr wie der Fremdenverkehrsverband der Provinz L\u00fcttich \u2013 gegr\u00fcndet wurde. Sein Ziel ist es, die Stadt und zugeh\u00f6rigen D\u00f6rfer bekannt zu machen, den Tourismus zu entwickeln, das Kulturerbe hervorzuheben und f\u00fcr einen guten Empfang der [&hellip;]\" \/>\n<meta property=\"og:url\" content=\"https:\/\/www.limbourg-tourisme.com\/de\/contact\/syndicat-dinitiative\/\" \/>\n<meta property=\"og:site_name\" content=\"Limburg\" \/>\n<meta property=\"article:modified_time\" content=\"2021-06-26T14:01:13+00:00\" \/>\n<meta property=\"og:image\" content=\"https:\/\/www.limbourg-tourisme.com\/wp-content\/uploads\/2020\/10\/DSC_8411-scaled.jpg\" \/>\n\t<meta property=\"og:image:width\" content=\"2560\" \/>\n\t<meta property=\"og:image:height\" content=\"1707\" \/>\n\t<meta property=\"og:image:type\" content=\"image\/jpeg\" \/>\n<meta name=\"twitter:card\" content=\"summary_large_image\" \/>\n<meta name=\"twitter:label1\" content=\"Gesch\u00e4tzte Lesezeit\" \/>\n\t<meta name=\"twitter:data1\" content=\"1\u00a0Minute\" \/>\n<script type=\"application\/ld+json\" class=\"yoast-schema-graph\">{\"@context\":\"https:\\\/\\\/schema.org\",\"@graph\":[{\"@type\":\"WebPage\",\"@id\":\"https:\\\/\\\/www.limbourg-tourisme.com\\\/de\\\/contact\\\/syndicat-dinitiative\\\/\",\"url\":\"https:\\\/\\\/www.limbourg-tourisme.com\\\/de\\\/contact\\\/syndicat-dinitiative\\\/\",\"name\":\"Touristisches Informationsb\u00fcro - Limburg\",\"isPartOf\":{\"@id\":\"https:\\\/\\\/www.limbourg-tourisme.com\\\/de\\\/#website\"},\"primaryImageOfPage\":{\"@id\":\"https:\\\/\\\/www.limbourg-tourisme.com\\\/de\\\/contact\\\/syndicat-dinitiative\\\/#primaryimage\"},\"image\":{\"@id\":\"https:\\\/\\\/www.limbourg-tourisme.com\\\/de\\\/contact\\\/syndicat-dinitiative\\\/#primaryimage\"},\"thumbnailUrl\":\"https:\\\/\\\/www.limbourg-tourisme.com\\\/wp-content\\\/uploads\\\/2020\\\/10\\\/DSC_8411-scaled.jpg\",\"datePublished\":\"2020-07-06T11:41:27+00:00\",\"dateModified\":\"2021-06-26T14:01:13+00:00\",\"breadcrumb\":{\"@id\":\"https:\\\/\\\/www.limbourg-tourisme.com\\\/de\\\/contact\\\/syndicat-dinitiative\\\/#breadcrumb\"},\"inLanguage\":\"de\",\"potentialAction\":[{\"@type\":\"ReadAction\",\"target\":[\"https:\\\/\\\/www.limbourg-tourisme.com\\\/de\\\/contact\\\/syndicat-dinitiative\\\/\"]}]},{\"@type\":\"ImageObject\",\"inLanguage\":\"de\",\"@id\":\"https:\\\/\\\/www.limbourg-tourisme.com\\\/de\\\/contact\\\/syndicat-dinitiative\\\/#primaryimage\",\"url\":\"https:\\\/\\\/www.limbourg-tourisme.com\\\/wp-content\\\/uploads\\\/2020\\\/10\\\/DSC_8411-scaled.jpg\",\"contentUrl\":\"https:\\\/\\\/www.limbourg-tourisme.com\\\/wp-content\\\/uploads\\\/2020\\\/10\\\/DSC_8411-scaled.jpg\",\"width\":2560,\"height\":1707},{\"@type\":\"BreadcrumbList\",\"@id\":\"https:\\\/\\\/www.limbourg-tourisme.com\\\/de\\\/contact\\\/syndicat-dinitiative\\\/#breadcrumb\",\"itemListElement\":[{\"@type\":\"ListItem\",\"position\":1,\"name\":\"Accueil\",\"item\":\"https:\\\/\\\/www.limbourg-tourisme.com\\\/de\\\/\"},{\"@type\":\"ListItem\",\"position\":2,\"name\":\"Kontakt\",\"item\":\"https:\\\/\\\/www.limbourg-tourisme.com\\\/de\\\/contact\\\/\"},{\"@type\":\"ListItem\",\"position\":3,\"name\":\"Touristisches Informationsb\u00fcro\"}]},{\"@type\":\"WebSite\",\"@id\":\"https:\\\/\\\/www.limbourg-tourisme.com\\\/de\\\/#website\",\"url\":\"https:\\\/\\\/www.limbourg-tourisme.com\\\/de\\\/\",\"name\":\"Limburg\",\"description\":\"Au\u00dfergew\u00f6hnliches Kulturerbe, wohlbehaltene Natur\",\"potentialAction\":[{\"@type\":\"SearchAction\",\"target\":{\"@type\":\"EntryPoint\",\"urlTemplate\":\"https:\\\/\\\/www.limbourg-tourisme.com\\\/de\\\/?s={search_term_string}\"},\"query-input\":{\"@type\":\"PropertyValueSpecification\",\"valueRequired\":true,\"valueName\":\"search_term_string\"}}],\"inLanguage\":\"de\"}]}<\/script>\n<!-- \/ Yoast SEO plugin. -->","yoast_head_json":{"title":"Touristisches Informationsb\u00fcro - Limburg","robots":{"index":"index","follow":"follow","max-snippet":"max-snippet:-1","max-image-preview":"max-image-preview:large","max-video-preview":"max-video-preview:-1"},"canonical":"https:\/\/www.limbourg-tourisme.com\/de\/contact\/syndicat-dinitiative\/","og_locale":"de_DE","og_type":"article","og_title":"Touristisches Informationsb\u00fcro - Limburg","og_description":"RSIL asbl Das Fremdenverkehrsamt der Stadt Limburg und Umgebung ist ein privater ASBL (gemeinn\u00fctziger Verein), der 1938 \u2013 im selben Jahr wie der Fremdenverkehrsverband der Provinz L\u00fcttich \u2013 gegr\u00fcndet wurde. Sein Ziel ist es, die Stadt und zugeh\u00f6rigen D\u00f6rfer bekannt zu machen, den Tourismus zu entwickeln, das Kulturerbe hervorzuheben und f\u00fcr einen guten Empfang der [&hellip;]","og_url":"https:\/\/www.limbourg-tourisme.com\/de\/contact\/syndicat-dinitiative\/","og_site_name":"Limburg","article_modified_time":"2021-06-26T14:01:13+00:00","og_image":[{"width":2560,"height":1707,"url":"https:\/\/www.limbourg-tourisme.com\/wp-content\/uploads\/2020\/10\/DSC_8411-scaled.jpg","type":"image\/jpeg"}],"twitter_card":"summary_large_image","twitter_misc":{"Gesch\u00e4tzte Lesezeit":"1\u00a0Minute"},"schema":{"@context":"https:\/\/schema.org","@graph":[{"@type":"WebPage","@id":"https:\/\/www.limbourg-tourisme.com\/de\/contact\/syndicat-dinitiative\/","url":"https:\/\/www.limbourg-tourisme.com\/de\/contact\/syndicat-dinitiative\/","name":"Touristisches Informationsb\u00fcro - Limburg","isPartOf":{"@id":"https:\/\/www.limbourg-tourisme.com\/de\/#website"},"primaryImageOfPage":{"@id":"https:\/\/www.limbourg-tourisme.com\/de\/contact\/syndicat-dinitiative\/#primaryimage"},"image":{"@id":"https:\/\/www.limbourg-tourisme.com\/de\/contact\/syndicat-dinitiative\/#primaryimage"},"thumbnailUrl":"https:\/\/www.limbourg-tourisme.com\/wp-content\/uploads\/2020\/10\/DSC_8411-scaled.jpg","datePublished":"2020-07-06T11:41:27+00:00","dateModified":"2021-06-26T14:01:13+00:00","breadcrumb":{"@id":"https:\/\/www.limbourg-tourisme.com\/de\/contact\/syndicat-dinitiative\/#breadcrumb"},"inLanguage":"de","potentialAction":[{"@type":"ReadAction","target":["https:\/\/www.limbourg-tourisme.com\/de\/contact\/syndicat-dinitiative\/"]}]},{"@type":"ImageObject","inLanguage":"de","@id":"https:\/\/www.limbourg-tourisme.com\/de\/contact\/syndicat-dinitiative\/#primaryimage","url":"https:\/\/www.limbourg-tourisme.com\/wp-content\/uploads\/2020\/10\/DSC_8411-scaled.jpg","contentUrl":"https:\/\/www.limbourg-tourisme.com\/wp-content\/uploads\/2020\/10\/DSC_8411-scaled.jpg","width":2560,"height":1707},{"@type":"BreadcrumbList","@id":"https:\/\/www.limbourg-tourisme.com\/de\/contact\/syndicat-dinitiative\/#breadcrumb","itemListElement":[{"@type":"ListItem","position":1,"name":"Accueil","item":"https:\/\/www.limbourg-tourisme.com\/de\/"},{"@type":"ListItem","position":2,"name":"Kontakt","item":"https:\/\/www.limbourg-tourisme.com\/de\/contact\/"},{"@type":"ListItem","position":3,"name":"Touristisches Informationsb\u00fcro"}]},{"@type":"WebSite","@id":"https:\/\/www.limbourg-tourisme.com\/de\/#website","url":"https:\/\/www.limbourg-tourisme.com\/de\/","name":"Limburg","description":"Au\u00dfergew\u00f6hnliches Kulturerbe, wohlbehaltene Natur","potentialAction":[{"@type":"SearchAction","target":{"@type":"EntryPoint","urlTemplate":"https:\/\/www.limbourg-tourisme.com\/de\/?s={search_term_string}"},"query-input":{"@type":"PropertyValueSpecification","valueRequired":true,"valueName":"search_term_string"}}],"inLanguage":"de"}]}},"_links":{"self":[{"href":"https:\/\/www.limbourg-tourisme.com\/de\/wp-json\/wp\/v2\/pages\/5943","targetHints":{"allow":["GET"]}}],"collection":[{"href":"https:\/\/www.limbourg-tourisme.com\/de\/wp-json\/wp\/v2\/pages"}],"about":[{"href":"https:\/\/www.limbourg-tourisme.com\/de\/wp-json\/wp\/v2\/types\/page"}],"author":[{"embeddable":true,"href":"https:\/\/www.limbourg-tourisme.com\/de\/wp-json\/wp\/v2\/users\/1"}],"replies":[{"embeddable":true,"href":"https:\/\/www.limbourg-tourisme.com\/de\/wp-json\/wp\/v2\/comments?post=5943"}],"version-history":[{"count":4,"href":"https:\/\/www.limbourg-tourisme.com\/de\/wp-json\/wp\/v2\/pages\/5943\/revisions"}],"predecessor-version":[{"id":7495,"href":"https:\/\/www.limbourg-tourisme.com\/de\/wp-json\/wp\/v2\/pages\/5943\/revisions\/7495"}],"up":[{"embeddable":true,"href":"https:\/\/www.limbourg-tourisme.com\/de\/wp-json\/wp\/v2\/pages\/6186"}],"wp:featuredmedia":[{"embeddable":true,"href":"https:\/\/www.limbourg-tourisme.com\/de\/wp-json\/wp\/v2\/media\/4393"}],"wp:attachment":[{"href":"https:\/\/www.limbourg-tourisme.com\/de\/wp-json\/wp\/v2\/media?parent=5943"}],"curies":[{"name":"wp","href":"https:\/\/api.w.org\/{rel}","templated":true}]}}